{"id":16376,"date":"2025-08-18T13:24:46","date_gmt":"2025-08-18T13:24:46","guid":{"rendered":"https:\/\/spain-icw.org\/?page_id=16376"},"modified":"2025-11-23T20:43:11","modified_gmt":"2025-11-23T20:43:11","slug":"dr-sami-ashour-ashour","status":"publish","type":"page","link":"https:\/\/spain-icw.org\/es\/dr-sami-ashour-ashour\/","title":{"rendered":"Dr. Sami Ashour Ashour"},"content":{"rendered":"\t\t<div data-elementor-type=\"wp-page\" data-elementor-id=\"16376\" class=\"elementor elementor-16376\">\n\t\t\t\t<div class=\"elementor-element elementor-element-35d51fdd e-flex e-con-boxed e-con e-parent\" data-id=\"35d51fdd\" data-element_type=\"container\" data-e-type=\"container\">\n\t\t\t\t\t<div class=\"e-con-inner\">\n\t\t<div class=\"elementor-element elementor-element-766204ea e-con-full e-flex e-con e-child\" data-id=\"766204ea\" data-element_type=\"container\" data-e-type=\"container\">\n\t\t\t\t<div class=\"elementor-element elementor-element-6aa8a6b9 team-details-img at-image-animation at-animation-image-style-1 at-shiny-glass-effect elementor-widget elementor-widget-image\" data-id=\"6aa8a6b9\" data-element_type=\"widget\" data-e-type=\"widget\" data-settings=\"{&quot;ekit_we_effect_on&quot;:&quot;none&quot;}\" data-widget_type=\"image.default\">\n\t\t\t\t\t\t\t\t\t\t\t\t\t\t\t<img fetchpriority=\"high\" decoding=\"async\" width=\"1000\" height=\"1000\" src=\"https:\/\/spain-icw.org\/wp-content\/uploads\/2025\/08\/sami.jpg\" class=\"attachment-full size-full wp-image-16296\" alt=\"\" srcset=\"https:\/\/spain-icw.org\/wp-content\/uploads\/2025\/08\/sami.jpg 1000w, https:\/\/spain-icw.org\/wp-content\/uploads\/2025\/08\/sami-300x300.jpg 300w, https:\/\/spain-icw.org\/wp-content\/uploads\/2025\/08\/sami-150x150.jpg 150w, https:\/\/spain-icw.org\/wp-content\/uploads\/2025\/08\/sami-768x768.jpg 768w\" sizes=\"(max-width: 1000px) 100vw, 1000px\" \/>\t\t\t\t\t\t\t\t\t\t\t\t\t\t\t<\/div>\n\t\t\t\t<\/div>\n\t\t<div class=\"elementor-element elementor-element-3f37f2b6 e-con-full e-flex e-con e-child\" data-id=\"3f37f2b6\" data-element_type=\"container\" data-e-type=\"container\">\n\t\t<div class=\"elementor-element elementor-element-74e3af7c e-con-full e-flex e-con e-child\" data-id=\"74e3af7c\" data-element_type=\"container\" data-e-type=\"container\">\n\t\t\t\t<div class=\"elementor-element elementor-element-10917f71 elementor-widget__width-initial elementor-widget-mobile__width-inherit elementor-invisible elementor-widget elementor-widget-icon-box\" data-id=\"10917f71\" data-element_type=\"widget\" data-e-type=\"widget\" data-settings=\"{&quot;_animation&quot;:&quot;fadeInUp&quot;,&quot;ekit_we_effect_on&quot;:&quot;none&quot;}\" data-widget_type=\"icon-box.default\">\n\t\t\t\t\t\t\t<div class=\"elementor-icon-box-wrapper\">\n\n\t\t\t\n\t\t\t\t\t\t<div class=\"elementor-icon-box-content\">\n\n\t\t\t\t\t\t\t\t\t<h3 class=\"elementor-icon-box-title\">\n\t\t\t\t\t\t<span  >\n\t\t\t\t\t\t\tDr. Sami Ashour Ashour\t\t\t\t\t\t<\/span>\n\t\t\t\t\t<\/h3>\n\t\t\t\t\n\t\t\t\t\t\t\t\t\t<p class=\"elementor-icon-box-description\">\n\t\t\t\t\t\tPresidente\t\t\t\t\t<\/p>\n\t\t\t\t\n\t\t\t<\/div>\n\t\t\t\n\t\t<\/div>\n\t\t\t\t\t\t<\/div>\n\t\t\t\t<\/div>\n\t\t<div class=\"elementor-element elementor-element-db3841e e-con-full e-flex e-con e-child\" data-id=\"db3841e\" data-element_type=\"container\" data-e-type=\"container\">\n\t\t\t\t<div class=\"elementor-element elementor-element-a69cd59 elementor-invisible elementor-widget elementor-widget-text-editor\" data-id=\"a69cd59\" data-element_type=\"widget\" data-e-type=\"widget\" data-settings=\"{&quot;_animation&quot;:&quot;fadeInUp&quot;,&quot;ekit_we_effect_on&quot;:&quot;none&quot;}\" data-widget_type=\"text-editor.default\">\n\t\t\t\t\t\t\t\t\t<p data-start=\"39\" data-end=\"427\">El Dr. Sami Ashour Ashour es un experto en finanzas de gran prestigio. Posee el doctorado en Econom\u00eda Financiera y Contabilidad por la Universidad de Santiago de Compostela (USC), donde tambi\u00e9n realiz\u00f3 estudios avanzados y un maestr\u00eda en Banca, Finanzas y Seguros. Obtuvo su t\u00edtulo de grado en Administraci\u00f3n de Empresas en la Universidad de Al-Azhar-Gaza, en 1998.<\/p><p data-start=\"429\" data-end=\"593\">El Dr. Ashour ha desarrollado una amplia experiencia en Gesti\u00f3n de Proyectos de Cooperaci\u00f3n Internacional con una experiencia de m\u00e1s de 13 a\u00f1os en el Servicio de Relaciones Internacionales y en la Vicerrector\u00eda de Pol\u00edtica Cient\u00edfica de la USC.<\/p><p data-start=\"595\" data-end=\"873\">Comprometido activista y defensor de los derechos humanos, el Dr. Ashour aporta un profundo conocimiento del mundo \u00e1rabe y de sus principales actores, combinando la excelencia acad\u00e9mica con una dedicaci\u00f3n de por vida a la promoci\u00f3n de iniciativas humanitarias y de desarrollo.<\/p>\t\t\t\t\t\t\t\t<\/div>\n\t\t\t\t<\/div>\n\t\t\t\t<\/div>\n\t\t\t\t\t<\/div>\n\t\t\t\t<\/div>\n\t\t\t\t<\/div>\n\t\t","protected":false},"excerpt":{"rendered":"<p>Dr. Sami Ashour Ashour Presidente El Dr. Sami Ashour [&hellip;]<\/p>\n","protected":false},"author":2,"featured_media":0,"parent":0,"menu_order":0,"comment_status":"closed","ping_status":"closed","template":"elementor_header_footer","meta":{"give_campaign_id":0,"_monsterinsights_skip_tracking":false,"_monsterinsights_sitenote_active":false,"_monsterinsights_sitenote_note":"","_monsterinsights_sitenote_category":0,"footnotes":""},"class_list":["post-16376","page","type-page","status-publish","hentry"],"aioseo_notices":[],"campaignId":"","_links":{"self":[{"href":"https:\/\/spain-icw.org\/es\/wp-json\/wp\/v2\/pages\/16376","targetHints":{"allow":["GET"]}}],"collection":[{"href":"https:\/\/spain-icw.org\/es\/wp-json\/wp\/v2\/pages"}],"about":[{"href":"https:\/\/spain-icw.org\/es\/wp-json\/wp\/v2\/types\/page"}],"author":[{"embeddable":true,"href":"https:\/\/spain-icw.org\/es\/wp-json\/wp\/v2\/users\/2"}],"replies":[{"embeddable":true,"href":"https:\/\/spain-icw.org\/es\/wp-json\/wp\/v2\/comments?post=16376"}],"version-history":[{"count":0,"href":"https:\/\/spain-icw.org\/es\/wp-json\/wp\/v2\/pages\/16376\/revisions"}],"wp:attachment":[{"href":"https:\/\/spain-icw.org\/es\/wp-json\/wp\/v2\/media?parent=16376"}],"curies":[{"name":"wp","href":"https:\/\/api.w.org\/{rel}","templated":true}]}}