{"id":16384,"date":"2025-08-18T13:46:47","date_gmt":"2025-08-18T13:46:47","guid":{"rendered":"https:\/\/spain-icw.org\/?page_id=16384"},"modified":"2025-11-23T20:51:30","modified_gmt":"2025-11-23T20:51:30","slug":"tahani-kishawi","status":"publish","type":"page","link":"https:\/\/spain-icw.org\/es\/tahani-kishawi\/","title":{"rendered":"Tahani Kishawi"},"content":{"rendered":"\t\t<div data-elementor-type=\"wp-page\" data-elementor-id=\"16384\" class=\"elementor elementor-16384\">\n\t\t\t\t<div class=\"elementor-element elementor-element-553c81d e-flex e-con-boxed e-con e-parent\" data-id=\"553c81d\" data-element_type=\"container\" data-e-type=\"container\">\n\t\t\t\t\t<div class=\"e-con-inner\">\n\t\t<div class=\"elementor-element elementor-element-36dbddf e-con-full e-flex e-con e-child\" data-id=\"36dbddf\" data-element_type=\"container\" data-e-type=\"container\">\n\t\t\t\t<div class=\"elementor-element elementor-element-618f880 team-details-img at-image-animation at-animation-image-style-1 at-shiny-glass-effect elementor-widget elementor-widget-image\" data-id=\"618f880\" data-element_type=\"widget\" data-e-type=\"widget\" data-settings=\"{&quot;ekit_we_effect_on&quot;:&quot;none&quot;}\" data-widget_type=\"image.default\">\n\t\t\t\t\t\t\t\t\t\t\t\t\t\t\t<img fetchpriority=\"high\" decoding=\"async\" width=\"1000\" height=\"1000\" src=\"https:\/\/spain-icw.org\/wp-content\/uploads\/2025\/08\/tahani.jpg\" class=\"attachment-full size-full wp-image-16323\" alt=\"\" srcset=\"https:\/\/spain-icw.org\/wp-content\/uploads\/2025\/08\/tahani.jpg 1000w, https:\/\/spain-icw.org\/wp-content\/uploads\/2025\/08\/tahani-300x300.jpg 300w, https:\/\/spain-icw.org\/wp-content\/uploads\/2025\/08\/tahani-150x150.jpg 150w, https:\/\/spain-icw.org\/wp-content\/uploads\/2025\/08\/tahani-768x768.jpg 768w\" sizes=\"(max-width: 1000px) 100vw, 1000px\" \/>\t\t\t\t\t\t\t\t\t\t\t\t\t\t\t<\/div>\n\t\t\t\t<\/div>\n\t\t<div class=\"elementor-element elementor-element-c878853 e-con-full e-flex e-con e-child\" data-id=\"c878853\" data-element_type=\"container\" data-e-type=\"container\">\n\t\t<div class=\"elementor-element elementor-element-3689eb3 e-con-full e-flex e-con e-child\" data-id=\"3689eb3\" data-element_type=\"container\" data-e-type=\"container\">\n\t\t\t\t<div class=\"elementor-element elementor-element-98d138c elementor-widget__width-initial elementor-widget-mobile__width-inherit elementor-invisible elementor-widget elementor-widget-icon-box\" data-id=\"98d138c\" data-element_type=\"widget\" data-e-type=\"widget\" data-settings=\"{&quot;_animation&quot;:&quot;fadeInUp&quot;,&quot;ekit_we_effect_on&quot;:&quot;none&quot;}\" data-widget_type=\"icon-box.default\">\n\t\t\t\t\t\t\t<div class=\"elementor-icon-box-wrapper\">\n\n\t\t\t\n\t\t\t\t\t\t<div class=\"elementor-icon-box-content\">\n\n\t\t\t\t\t\t\t\t\t<h3 class=\"elementor-icon-box-title\">\n\t\t\t\t\t\t<span  >\n\t\t\t\t\t\t\tTahani Kishawi\t\t\t\t\t\t<\/span>\n\t\t\t\t\t<\/h3>\n\t\t\t\t\n\t\t\t\t\t\t\t\t\t<p class=\"elementor-icon-box-description\">\n\t\t\t\t\t\tTesorera\t\t\t\t\t<\/p>\n\t\t\t\t\n\t\t\t<\/div>\n\t\t\t\n\t\t<\/div>\n\t\t\t\t\t\t<\/div>\n\t\t\t\t<\/div>\n\t\t<div class=\"elementor-element elementor-element-fd9d46a e-con-full e-flex e-con e-child\" data-id=\"fd9d46a\" data-element_type=\"container\" data-e-type=\"container\">\n\t\t\t\t<div class=\"elementor-element elementor-element-d469336 elementor-invisible elementor-widget elementor-widget-text-editor\" data-id=\"d469336\" data-element_type=\"widget\" data-e-type=\"widget\" data-settings=\"{&quot;_animation&quot;:&quot;fadeInUp&quot;,&quot;ekit_we_effect_on&quot;:&quot;none&quot;}\" data-widget_type=\"text-editor.default\">\n\t\t\t\t\t\t\t\t\t<p data-start=\"32\" data-end=\"520\">Tahani Kishawi es gestora de servicios financieros y contables con m\u00e1s de 20 a\u00f1os de experiencia en la gesti\u00f3n financiera de proyectos de ONG y en servicios de financiaci\u00f3n de entidades de salud p\u00fablica y contabilidad corporativa. Graduada de la Universidad de Ain Shams del El Cairo, ha dirigido operaciones financieras para organizaciones como la Fundaci\u00f3n Ard El Insan y el Programa de Salud de la Mujer y Planificaci\u00f3n Familiar de la Comisi\u00f3n Europea, garantizando el estricto cumplimiento de los donantes y una gesti\u00f3n eficaz del presupuesto.<\/p><p data-start=\"32\" data-end=\"520\">Su carrera tambi\u00e9n incluye cargos de alto nivel en el sector corporativo con Modern Electronics Center Co. (SHARP) y en la financiaci\u00f3n de la construcci\u00f3n y financiaci\u00f3n inmobiliaria. Experta en gobernanza financiera, captaci\u00f3n de recursos, preparaci\u00f3n de informes a donantes y colaboraci\u00f3n intercultural, Tahani es reconocida por ofrecer resultados sostenibles en entornos complejos y afectados por conflictos.<\/p>\t\t\t\t\t\t\t\t<\/div>\n\t\t\t\t<\/div>\n\t\t\t\t<\/div>\n\t\t\t\t\t<\/div>\n\t\t\t\t<\/div>\n\t\t\t\t<\/div>\n\t\t","protected":false},"excerpt":{"rendered":"<p>Tahani Kishawi Tesorera Tahani Kishawi es gestora de servicios [&hellip;]<\/p>\n","protected":false},"author":2,"featured_media":0,"parent":0,"menu_order":0,"comment_status":"closed","ping_status":"closed","template":"elementor_header_footer","meta":{"give_campaign_id":0,"_monsterinsights_skip_tracking":false,"_monsterinsights_sitenote_active":false,"_monsterinsights_sitenote_note":"","_monsterinsights_sitenote_category":0,"footnotes":""},"class_list":["post-16384","page","type-page","status-publish","hentry"],"aioseo_notices":[],"campaignId":"","_links":{"self":[{"href":"https:\/\/spain-icw.org\/es\/wp-json\/wp\/v2\/pages\/16384","targetHints":{"allow":["GET"]}}],"collection":[{"href":"https:\/\/spain-icw.org\/es\/wp-json\/wp\/v2\/pages"}],"about":[{"href":"https:\/\/spain-icw.org\/es\/wp-json\/wp\/v2\/types\/page"}],"author":[{"embeddable":true,"href":"https:\/\/spain-icw.org\/es\/wp-json\/wp\/v2\/users\/2"}],"replies":[{"embeddable":true,"href":"https:\/\/spain-icw.org\/es\/wp-json\/wp\/v2\/comments?post=16384"}],"version-history":[{"count":0,"href":"https:\/\/spain-icw.org\/es\/wp-json\/wp\/v2\/pages\/16384\/revisions"}],"wp:attachment":[{"href":"https:\/\/spain-icw.org\/es\/wp-json\/wp\/v2\/media?parent=16384"}],"curies":[{"name":"wp","href":"https:\/\/api.w.org\/{rel}","templated":true}]}}