{"id":16392,"date":"2025-08-18T13:50:00","date_gmt":"2025-08-18T13:50:00","guid":{"rendered":"https:\/\/spain-icw.org\/?page_id=16392"},"modified":"2025-11-23T20:50:15","modified_gmt":"2025-11-23T20:50:15","slug":"dina-hamed-ibrahim","status":"publish","type":"page","link":"https:\/\/spain-icw.org\/es\/dina-hamed-ibrahim\/","title":{"rendered":"Dina Hamed Ibrahim"},"content":{"rendered":"\t\t<div data-elementor-type=\"wp-page\" data-elementor-id=\"16392\" class=\"elementor elementor-16392\">\n\t\t\t\t<div class=\"elementor-element elementor-element-23ee854 e-flex e-con-boxed e-con e-parent\" data-id=\"23ee854\" data-element_type=\"container\" data-e-type=\"container\">\n\t\t\t\t\t<div class=\"e-con-inner\">\n\t\t<div class=\"elementor-element elementor-element-10b2092 e-con-full e-flex e-con e-child\" data-id=\"10b2092\" data-element_type=\"container\" data-e-type=\"container\">\n\t\t\t\t<div class=\"elementor-element elementor-element-ed2137b team-details-img at-image-animation at-animation-image-style-1 at-shiny-glass-effect elementor-widget elementor-widget-image\" data-id=\"ed2137b\" data-element_type=\"widget\" data-e-type=\"widget\" data-settings=\"{&quot;ekit_we_effect_on&quot;:&quot;none&quot;}\" data-widget_type=\"image.default\">\n\t\t\t\t\t\t\t\t\t\t\t\t\t\t\t<img fetchpriority=\"high\" decoding=\"async\" width=\"1000\" height=\"1000\" src=\"https:\/\/spain-icw.org\/wp-content\/uploads\/2025\/09\/DINA.jpg\" class=\"attachment-full size-full wp-image-16478\" alt=\"\" srcset=\"https:\/\/spain-icw.org\/wp-content\/uploads\/2025\/09\/DINA.jpg 1000w, https:\/\/spain-icw.org\/wp-content\/uploads\/2025\/09\/DINA-300x300.jpg 300w, https:\/\/spain-icw.org\/wp-content\/uploads\/2025\/09\/DINA-150x150.jpg 150w, https:\/\/spain-icw.org\/wp-content\/uploads\/2025\/09\/DINA-768x768.jpg 768w\" sizes=\"(max-width: 1000px) 100vw, 1000px\" \/>\t\t\t\t\t\t\t\t\t\t\t\t\t\t\t<\/div>\n\t\t\t\t<\/div>\n\t\t<div class=\"elementor-element elementor-element-7bf6310 e-con-full e-flex e-con e-child\" data-id=\"7bf6310\" data-element_type=\"container\" data-e-type=\"container\">\n\t\t<div class=\"elementor-element elementor-element-43cfe9a e-con-full e-flex e-con e-child\" data-id=\"43cfe9a\" data-element_type=\"container\" data-e-type=\"container\">\n\t\t\t\t<div class=\"elementor-element elementor-element-2adc862 elementor-widget__width-initial elementor-widget-mobile__width-inherit elementor-invisible elementor-widget elementor-widget-icon-box\" data-id=\"2adc862\" data-element_type=\"widget\" data-e-type=\"widget\" data-settings=\"{&quot;_animation&quot;:&quot;fadeInUp&quot;,&quot;ekit_we_effect_on&quot;:&quot;none&quot;}\" data-widget_type=\"icon-box.default\">\n\t\t\t\t\t\t\t<div class=\"elementor-icon-box-wrapper\">\n\n\t\t\t\n\t\t\t\t\t\t<div class=\"elementor-icon-box-content\">\n\n\t\t\t\t\t\t\t\t\t<h3 class=\"elementor-icon-box-title\">\n\t\t\t\t\t\t<span  >\n\t\t\t\t\t\t\tDina Hamed Ibrahim\t\t\t\t\t\t<\/span>\n\t\t\t\t\t<\/h3>\n\t\t\t\t\n\t\t\t\t\t\t\t\t\t<p class=\"elementor-icon-box-description\">\n\t\t\t\t\t\tVocal\t\t\t\t\t<\/p>\n\t\t\t\t\n\t\t\t<\/div>\n\t\t\t\n\t\t<\/div>\n\t\t\t\t\t\t<\/div>\n\t\t\t\t<\/div>\n\t\t<div class=\"elementor-element elementor-element-612fae1 e-con-full e-flex e-con e-child\" data-id=\"612fae1\" data-element_type=\"container\" data-e-type=\"container\">\n\t\t\t\t<div class=\"elementor-element elementor-element-06da7a9 elementor-invisible elementor-widget elementor-widget-text-editor\" data-id=\"06da7a9\" data-element_type=\"widget\" data-e-type=\"widget\" data-settings=\"{&quot;_animation&quot;:&quot;fadeInUp&quot;,&quot;ekit_we_effect_on&quot;:&quot;none&quot;}\" data-widget_type=\"text-editor.default\">\n\t\t\t\t\t\t\t\t\t<p data-start=\"32\" data-end=\"446\">Dina Hamed Ibrahim posee un el grado en Comercio Internacional y es fluida en \u00e1rabe (nativo), ingl\u00e9s y turco (nativo). Con formaci\u00f3n acad\u00e9mica en relaciones internacionales y certificaciones ling\u00fc\u00edsticas, Dina ha adquirido experiencia pr\u00e1ctica durante los \u00faltimos tres a\u00f1os en operaciones de exportaci\u00f3n e importaci\u00f3n, demostrando s\u00f3lidas competencias en dise\u00f1o digital, marketing,<\/p><p data-start=\"32\" data-end=\"446\">comunicaci\u00f3n e interpretaci\u00f3n. Adem\u00e1s, es una persona motivada y ambiciosa que ha trabajado como voluntaria en una ONG humanitaria, comprometida con el aprendizaje continuo. Feminista, segura de su capacidad para contribuir de manera eficaz, considerando cada oportunidad como una ocasi\u00f3n para desarrollarse y generar un impacto significativo.<\/p>\t\t\t\t\t\t\t\t<\/div>\n\t\t\t\t<\/div>\n\t\t\t\t<\/div>\n\t\t\t\t\t<\/div>\n\t\t\t\t<\/div>\n\t\t\t\t<\/div>\n\t\t","protected":false},"excerpt":{"rendered":"<p>Dina Hamed Ibrahim Vocal Dina Hamed Ibrahim posee un [&hellip;]<\/p>\n","protected":false},"author":2,"featured_media":0,"parent":0,"menu_order":0,"comment_status":"closed","ping_status":"closed","template":"elementor_header_footer","meta":{"give_campaign_id":0,"_monsterinsights_skip_tracking":false,"_monsterinsights_sitenote_active":false,"_monsterinsights_sitenote_note":"","_monsterinsights_sitenote_category":0,"footnotes":""},"class_list":["post-16392","page","type-page","status-publish","hentry"],"aioseo_notices":[],"campaignId":"","_links":{"self":[{"href":"https:\/\/spain-icw.org\/es\/wp-json\/wp\/v2\/pages\/16392","targetHints":{"allow":["GET"]}}],"collection":[{"href":"https:\/\/spain-icw.org\/es\/wp-json\/wp\/v2\/pages"}],"about":[{"href":"https:\/\/spain-icw.org\/es\/wp-json\/wp\/v2\/types\/page"}],"author":[{"embeddable":true,"href":"https:\/\/spain-icw.org\/es\/wp-json\/wp\/v2\/users\/2"}],"replies":[{"embeddable":true,"href":"https:\/\/spain-icw.org\/es\/wp-json\/wp\/v2\/comments?post=16392"}],"version-history":[{"count":0,"href":"https:\/\/spain-icw.org\/es\/wp-json\/wp\/v2\/pages\/16392\/revisions"}],"wp:attachment":[{"href":"https:\/\/spain-icw.org\/es\/wp-json\/wp\/v2\/media?parent=16392"}],"curies":[{"name":"wp","href":"https:\/\/api.w.org\/{rel}","templated":true}]}}