{"id":16396,"date":"2025-08-18T13:52:30","date_gmt":"2025-08-18T13:52:30","guid":{"rendered":"https:\/\/spain-icw.org\/?page_id=16396"},"modified":"2025-08-18T14:42:55","modified_gmt":"2025-08-18T14:42:55","slug":"hamed-abushaish","status":"publish","type":"page","link":"https:\/\/spain-icw.org\/es\/hamed-abushaish\/","title":{"rendered":"Hamed Abushaish"},"content":{"rendered":"\t\t<div data-elementor-type=\"wp-page\" data-elementor-id=\"16396\" class=\"elementor elementor-16396\">\n\t\t\t\t<div class=\"elementor-element elementor-element-817ceea e-flex e-con-boxed e-con e-parent\" data-id=\"817ceea\" data-element_type=\"container\" data-e-type=\"container\">\n\t\t\t\t\t<div class=\"e-con-inner\">\n\t\t<div class=\"elementor-element elementor-element-b66781d e-con-full e-flex e-con e-child\" data-id=\"b66781d\" data-element_type=\"container\" data-e-type=\"container\">\n\t\t\t\t<div class=\"elementor-element elementor-element-bfca691 team-details-img at-image-animation at-animation-image-style-1 at-shiny-glass-effect elementor-widget elementor-widget-image\" data-id=\"bfca691\" data-element_type=\"widget\" data-e-type=\"widget\" data-settings=\"{&quot;ekit_we_effect_on&quot;:&quot;none&quot;}\" data-widget_type=\"image.default\">\n\t\t\t\t\t\t\t\t\t\t\t\t\t\t\t<img fetchpriority=\"high\" decoding=\"async\" width=\"1000\" height=\"1000\" src=\"https:\/\/spain-icw.org\/wp-content\/uploads\/2025\/08\/hamed.jpg\" class=\"attachment-full size-full wp-image-16344\" alt=\"\" srcset=\"https:\/\/spain-icw.org\/wp-content\/uploads\/2025\/08\/hamed.jpg 1000w, https:\/\/spain-icw.org\/wp-content\/uploads\/2025\/08\/hamed-300x300.jpg 300w, https:\/\/spain-icw.org\/wp-content\/uploads\/2025\/08\/hamed-150x150.jpg 150w, https:\/\/spain-icw.org\/wp-content\/uploads\/2025\/08\/hamed-768x768.jpg 768w\" sizes=\"(max-width: 1000px) 100vw, 1000px\" \/>\t\t\t\t\t\t\t\t\t\t\t\t\t\t\t<\/div>\n\t\t\t\t<\/div>\n\t\t<div class=\"elementor-element elementor-element-1532e83 e-con-full e-flex e-con e-child\" data-id=\"1532e83\" data-element_type=\"container\" data-e-type=\"container\">\n\t\t<div class=\"elementor-element elementor-element-d1cdc4f e-con-full e-flex e-con e-child\" data-id=\"d1cdc4f\" data-element_type=\"container\" data-e-type=\"container\">\n\t\t\t\t<div class=\"elementor-element elementor-element-0eff439 elementor-widget__width-initial elementor-widget-mobile__width-inherit elementor-invisible elementor-widget elementor-widget-icon-box\" data-id=\"0eff439\" data-element_type=\"widget\" data-e-type=\"widget\" data-settings=\"{&quot;_animation&quot;:&quot;fadeInUp&quot;,&quot;ekit_we_effect_on&quot;:&quot;none&quot;}\" data-widget_type=\"icon-box.default\">\n\t\t\t\t\t\t\t<div class=\"elementor-icon-box-wrapper\">\n\n\t\t\t\n\t\t\t\t\t\t<div class=\"elementor-icon-box-content\">\n\n\t\t\t\t\t\t\t\t\t<h3 class=\"elementor-icon-box-title\">\n\t\t\t\t\t\t<span  >\n\t\t\t\t\t\t\tHamed Abushaish\t\t\t\t\t\t<\/span>\n\t\t\t\t\t<\/h3>\n\t\t\t\t\n\t\t\t\t\t\t\t\t\t<p class=\"elementor-icon-box-description\">\n\t\t\t\t\t\tFundador\t\t\t\t\t<\/p>\n\t\t\t\t\n\t\t\t<\/div>\n\t\t\t\n\t\t<\/div>\n\t\t\t\t\t\t<\/div>\n\t\t\t\t<\/div>\n\t\t<div class=\"elementor-element elementor-element-55b8a31 e-con-full e-flex e-con e-child\" data-id=\"55b8a31\" data-element_type=\"container\" data-e-type=\"container\">\n\t\t\t\t<div class=\"elementor-element elementor-element-7cc5d24 elementor-invisible elementor-widget elementor-widget-text-editor\" data-id=\"7cc5d24\" data-element_type=\"widget\" data-e-type=\"widget\" data-settings=\"{&quot;_animation&quot;:&quot;fadeInUp&quot;,&quot;ekit_we_effect_on&quot;:&quot;none&quot;}\" data-widget_type=\"text-editor.default\">\n\t\t\t\t\t\t\t\t\t<p data-start=\"32\" data-end=\"585\">Hamed Abushaish posee una maestr\u00eda en Ciencias Farmac\u00e9uticas y un Diploma Internacional en Gesti\u00f3n de Proyectos, aportando m\u00e1s de 18 a\u00f1os de experiencia en trabajo humanitario y de desarrollo en todo Oriente Medio. Su carrera incluye roles significativos en el Comit\u00e9 Internacional de la Cruz Roja (CICR) y otras ONG internacionales, enfoc\u00e1ndose en salud, respuesta a emergencias y monitoreo y evaluaci\u00f3n. Ha contribuido en operaciones humanitarias durante varios conflictos regionales importantes, adquiriendo gran resiliencia y experiencia pr\u00e1ctica.<\/p><p data-start=\"587\" data-end=\"848\">El historial profesional de Hamed abarca monitoreo y evaluaci\u00f3n, consultor\u00eda en nutrici\u00f3n y salud, capacitaci\u00f3n m\u00e9dica, gesti\u00f3n de datos e investigaci\u00f3n. Ha completado m\u00e1s de 15 cursos e internados especializados, complementando su s\u00f3lida formaci\u00f3n acad\u00e9mica.<\/p>\t\t\t\t\t\t\t\t<\/div>\n\t\t\t\t<\/div>\n\t\t\t\t<\/div>\n\t\t\t\t\t<\/div>\n\t\t\t\t<\/div>\n\t\t\t\t<\/div>\n\t\t","protected":false},"excerpt":{"rendered":"<p>Hamed Abushaish Fundador Hamed Abushaish posee una maestr\u00eda en [&hellip;]<\/p>\n","protected":false},"author":2,"featured_media":0,"parent":0,"menu_order":0,"comment_status":"closed","ping_status":"closed","template":"elementor_header_footer","meta":{"give_campaign_id":0,"_monsterinsights_skip_tracking":false,"_monsterinsights_sitenote_active":false,"_monsterinsights_sitenote_note":"","_monsterinsights_sitenote_category":0,"footnotes":""},"class_list":["post-16396","page","type-page","status-publish","hentry"],"aioseo_notices":[],"campaignId":"","_links":{"self":[{"href":"https:\/\/spain-icw.org\/es\/wp-json\/wp\/v2\/pages\/16396","targetHints":{"allow":["GET"]}}],"collection":[{"href":"https:\/\/spain-icw.org\/es\/wp-json\/wp\/v2\/pages"}],"about":[{"href":"https:\/\/spain-icw.org\/es\/wp-json\/wp\/v2\/types\/page"}],"author":[{"embeddable":true,"href":"https:\/\/spain-icw.org\/es\/wp-json\/wp\/v2\/users\/2"}],"replies":[{"embeddable":true,"href":"https:\/\/spain-icw.org\/es\/wp-json\/wp\/v2\/comments?post=16396"}],"version-history":[{"count":0,"href":"https:\/\/spain-icw.org\/es\/wp-json\/wp\/v2\/pages\/16396\/revisions"}],"wp:attachment":[{"href":"https:\/\/spain-icw.org\/es\/wp-json\/wp\/v2\/media?parent=16396"}],"curies":[{"name":"wp","href":"https:\/\/api.w.org\/{rel}","templated":true}]}}