{"id":16404,"date":"2025-08-18T13:59:34","date_gmt":"2025-08-18T13:59:34","guid":{"rendered":"https:\/\/spain-icw.org\/?page_id=16404"},"modified":"2025-08-18T14:44:51","modified_gmt":"2025-08-18T14:44:51","slug":"mohamad-abdulhamid","status":"publish","type":"page","link":"https:\/\/spain-icw.org\/es\/mohamad-abdulhamid\/","title":{"rendered":"Mohamad Abdulhamid"},"content":{"rendered":"\t\t<div data-elementor-type=\"wp-page\" data-elementor-id=\"16404\" class=\"elementor elementor-16404\">\n\t\t\t\t<div class=\"elementor-element elementor-element-ba74fdf e-flex e-con-boxed e-con e-parent\" data-id=\"ba74fdf\" data-element_type=\"container\" data-e-type=\"container\">\n\t\t\t\t\t<div class=\"e-con-inner\">\n\t\t<div class=\"elementor-element elementor-element-f80c778 e-con-full e-flex e-con e-child\" data-id=\"f80c778\" data-element_type=\"container\" data-e-type=\"container\">\n\t\t\t\t<div class=\"elementor-element elementor-element-33826ae team-details-img at-image-animation at-animation-image-style-1 at-shiny-glass-effect elementor-widget elementor-widget-image\" data-id=\"33826ae\" data-element_type=\"widget\" data-e-type=\"widget\" data-settings=\"{&quot;ekit_we_effect_on&quot;:&quot;none&quot;}\" data-widget_type=\"image.default\">\n\t\t\t\t\t\t\t\t\t\t\t\t\t\t\t<img fetchpriority=\"high\" decoding=\"async\" width=\"1000\" height=\"1000\" src=\"https:\/\/spain-icw.org\/wp-content\/uploads\/2025\/08\/MOHAMAD.jpg\" class=\"attachment-full size-full wp-image-16356\" alt=\"\" srcset=\"https:\/\/spain-icw.org\/wp-content\/uploads\/2025\/08\/MOHAMAD.jpg 1000w, https:\/\/spain-icw.org\/wp-content\/uploads\/2025\/08\/MOHAMAD-300x300.jpg 300w, https:\/\/spain-icw.org\/wp-content\/uploads\/2025\/08\/MOHAMAD-150x150.jpg 150w, https:\/\/spain-icw.org\/wp-content\/uploads\/2025\/08\/MOHAMAD-768x768.jpg 768w\" sizes=\"(max-width: 1000px) 100vw, 1000px\" \/>\t\t\t\t\t\t\t\t\t\t\t\t\t\t\t<\/div>\n\t\t\t\t<\/div>\n\t\t<div class=\"elementor-element elementor-element-a1da0cd e-con-full e-flex e-con e-child\" data-id=\"a1da0cd\" data-element_type=\"container\" data-e-type=\"container\">\n\t\t<div class=\"elementor-element elementor-element-55fcd78 e-con-full e-flex e-con e-child\" data-id=\"55fcd78\" data-element_type=\"container\" data-e-type=\"container\">\n\t\t\t\t<div class=\"elementor-element elementor-element-fd66601 elementor-widget__width-initial elementor-widget-mobile__width-inherit elementor-invisible elementor-widget elementor-widget-icon-box\" data-id=\"fd66601\" data-element_type=\"widget\" data-e-type=\"widget\" data-settings=\"{&quot;_animation&quot;:&quot;fadeInUp&quot;,&quot;ekit_we_effect_on&quot;:&quot;none&quot;}\" data-widget_type=\"icon-box.default\">\n\t\t\t\t\t\t\t<div class=\"elementor-icon-box-wrapper\">\n\n\t\t\t\n\t\t\t\t\t\t<div class=\"elementor-icon-box-content\">\n\n\t\t\t\t\t\t\t\t\t<h3 class=\"elementor-icon-box-title\">\n\t\t\t\t\t\t<span  >\n\t\t\t\t\t\t\tMohamad Abdulhamid\t\t\t\t\t\t<\/span>\n\t\t\t\t\t<\/h3>\n\t\t\t\t\n\t\t\t\t\t\t\t\t\t<p class=\"elementor-icon-box-description\">\n\t\t\t\t\t\tFundador\t\t\t\t\t<\/p>\n\t\t\t\t\n\t\t\t<\/div>\n\t\t\t\n\t\t<\/div>\n\t\t\t\t\t\t<\/div>\n\t\t\t\t<\/div>\n\t\t<div class=\"elementor-element elementor-element-5bdc2de e-con-full e-flex e-con e-child\" data-id=\"5bdc2de\" data-element_type=\"container\" data-e-type=\"container\">\n\t\t\t\t<div class=\"elementor-element elementor-element-7ab0fbb elementor-invisible elementor-widget elementor-widget-text-editor\" data-id=\"7ab0fbb\" data-element_type=\"widget\" data-e-type=\"widget\" data-settings=\"{&quot;_animation&quot;:&quot;fadeInUp&quot;,&quot;ekit_we_effect_on&quot;:&quot;none&quot;}\" data-widget_type=\"text-editor.default\">\n\t\t\t\t\t\t\t\t\t<p data-start=\"32\" data-end=\"379\">Mohamad Abdulhamid es un Dise\u00f1ador Gr\u00e1fico Senior y Editor de Video con experiencia en dise\u00f1o, contenido digital, gesti\u00f3n de redes sociales y desarrollo de identidad de marca. Posee un t\u00edtulo de asociado en Dise\u00f1o Gr\u00e1fico por la Universidad Istanbul K\u00fclt\u00fcr y cuenta con amplias habilidades en Adobe Creative Suite, fotograf\u00eda y edici\u00f3n de video.<\/p><p data-start=\"381\" data-end=\"762\">Desde el inicio de su carrera en 2019, Mohamad ha trabajado con ONG humanitarias locales. Ha liderado campa\u00f1as publicitarias, desarrollado estrategias de redes sociales impactantes y coordinado los flujos de trabajo de equipos creativos. Reconocido por su profesionalismo bajo presi\u00f3n y su enfoque colaborativo, est\u00e1 comprometido con ofrecer soluciones creativas de alta calidad.<\/p>\t\t\t\t\t\t\t\t<\/div>\n\t\t\t\t<\/div>\n\t\t\t\t<\/div>\n\t\t\t\t\t<\/div>\n\t\t\t\t<\/div>\n\t\t\t\t<\/div>\n\t\t","protected":false},"excerpt":{"rendered":"<p>Mohamad Abdulhamid Fundador Mohamad Abdulhamid es un Dise\u00f1ador Gr\u00e1fico [&hellip;]<\/p>\n","protected":false},"author":2,"featured_media":0,"parent":0,"menu_order":0,"comment_status":"closed","ping_status":"closed","template":"elementor_header_footer","meta":{"give_campaign_id":0,"_monsterinsights_skip_tracking":false,"_monsterinsights_sitenote_active":false,"_monsterinsights_sitenote_note":"","_monsterinsights_sitenote_category":0,"footnotes":""},"class_list":["post-16404","page","type-page","status-publish","hentry"],"aioseo_notices":[],"campaignId":"","_links":{"self":[{"href":"https:\/\/spain-icw.org\/es\/wp-json\/wp\/v2\/pages\/16404","targetHints":{"allow":["GET"]}}],"collection":[{"href":"https:\/\/spain-icw.org\/es\/wp-json\/wp\/v2\/pages"}],"about":[{"href":"https:\/\/spain-icw.org\/es\/wp-json\/wp\/v2\/types\/page"}],"author":[{"embeddable":true,"href":"https:\/\/spain-icw.org\/es\/wp-json\/wp\/v2\/users\/2"}],"replies":[{"embeddable":true,"href":"https:\/\/spain-icw.org\/es\/wp-json\/wp\/v2\/comments?post=16404"}],"version-history":[{"count":0,"href":"https:\/\/spain-icw.org\/es\/wp-json\/wp\/v2\/pages\/16404\/revisions"}],"wp:attachment":[{"href":"https:\/\/spain-icw.org\/es\/wp-json\/wp\/v2\/media?parent=16404"}],"curies":[{"name":"wp","href":"https:\/\/api.w.org\/{rel}","templated":true}]}}