{"id":16408,"date":"2025-08-18T14:01:47","date_gmt":"2025-08-18T14:01:47","guid":{"rendered":"https:\/\/spain-icw.org\/?page_id=16408"},"modified":"2025-08-19T09:27:34","modified_gmt":"2025-08-19T09:27:34","slug":"lina-demasi-aldemasi","status":"publish","type":"page","link":"https:\/\/spain-icw.org\/es\/lina-demasi-aldemasi\/","title":{"rendered":"Lina Demasi Aldemasi"},"content":{"rendered":"\t\t<div data-elementor-type=\"wp-page\" data-elementor-id=\"16408\" class=\"elementor elementor-16408\">\n\t\t\t\t<div class=\"elementor-element elementor-element-d823300 e-flex e-con-boxed e-con e-parent\" data-id=\"d823300\" data-element_type=\"container\" data-e-type=\"container\">\n\t\t\t\t\t<div class=\"e-con-inner\">\n\t\t<div class=\"elementor-element elementor-element-caac63f e-con-full e-flex e-con e-child\" data-id=\"caac63f\" data-element_type=\"container\" data-e-type=\"container\">\n\t\t\t\t<div class=\"elementor-element elementor-element-c838bdb team-details-img at-image-animation at-animation-image-style-1 at-shiny-glass-effect elementor-widget elementor-widget-image\" data-id=\"c838bdb\" data-element_type=\"widget\" data-e-type=\"widget\" data-settings=\"{&quot;ekit_we_effect_on&quot;:&quot;none&quot;}\" data-widget_type=\"image.default\">\n\t\t\t\t\t\t\t\t\t\t\t\t\t\t\t<img fetchpriority=\"high\" decoding=\"async\" width=\"1000\" height=\"1000\" src=\"https:\/\/spain-icw.org\/wp-content\/uploads\/2025\/08\/mona-1.jpg\" class=\"attachment-full size-full wp-image-16427\" alt=\"\" srcset=\"https:\/\/spain-icw.org\/wp-content\/uploads\/2025\/08\/mona-1.jpg 1000w, https:\/\/spain-icw.org\/wp-content\/uploads\/2025\/08\/mona-1-300x300.jpg 300w, https:\/\/spain-icw.org\/wp-content\/uploads\/2025\/08\/mona-1-150x150.jpg 150w, https:\/\/spain-icw.org\/wp-content\/uploads\/2025\/08\/mona-1-768x768.jpg 768w\" sizes=\"(max-width: 1000px) 100vw, 1000px\" \/>\t\t\t\t\t\t\t\t\t\t\t\t\t\t\t<\/div>\n\t\t\t\t<\/div>\n\t\t<div class=\"elementor-element elementor-element-957ec12 e-con-full e-flex e-con e-child\" data-id=\"957ec12\" data-element_type=\"container\" data-e-type=\"container\">\n\t\t<div class=\"elementor-element elementor-element-4d08f42 e-con-full e-flex e-con e-child\" data-id=\"4d08f42\" data-element_type=\"container\" data-e-type=\"container\">\n\t\t\t\t<div class=\"elementor-element elementor-element-fb07f64 elementor-widget__width-initial elementor-widget-mobile__width-inherit elementor-invisible elementor-widget elementor-widget-icon-box\" data-id=\"fb07f64\" data-element_type=\"widget\" data-e-type=\"widget\" data-settings=\"{&quot;_animation&quot;:&quot;fadeInUp&quot;,&quot;ekit_we_effect_on&quot;:&quot;none&quot;}\" data-widget_type=\"icon-box.default\">\n\t\t\t\t\t\t\t<div class=\"elementor-icon-box-wrapper\">\n\n\t\t\t\n\t\t\t\t\t\t<div class=\"elementor-icon-box-content\">\n\n\t\t\t\t\t\t\t\t\t<h3 class=\"elementor-icon-box-title\">\n\t\t\t\t\t\t<span  >\n\t\t\t\t\t\t\tLina Demasi Aldemasi\t\t\t\t\t\t<\/span>\n\t\t\t\t\t<\/h3>\n\t\t\t\t\n\t\t\t\t\t\t\t\t\t<p class=\"elementor-icon-box-description\">\n\t\t\t\t\t\tFundadora\t\t\t\t\t<\/p>\n\t\t\t\t\n\t\t\t<\/div>\n\t\t\t\n\t\t<\/div>\n\t\t\t\t\t\t<\/div>\n\t\t\t\t<\/div>\n\t\t<div class=\"elementor-element elementor-element-314ab90 e-con-full e-flex e-con e-child\" data-id=\"314ab90\" data-element_type=\"container\" data-e-type=\"container\">\n\t\t\t\t<div class=\"elementor-element elementor-element-a63c2ad elementor-invisible elementor-widget elementor-widget-text-editor\" data-id=\"a63c2ad\" data-element_type=\"widget\" data-e-type=\"widget\" data-settings=\"{&quot;_animation&quot;:&quot;fadeInUp&quot;,&quot;ekit_we_effect_on&quot;:&quot;none&quot;}\" data-widget_type=\"text-editor.default\">\n\t\t\t\t\t\t\t\t\t<p data-start=\"32\" data-end=\"276\">Lina Demasi Aldemasi es una activista comprometida y defensora de los derechos humanos, con una licenciatura en Administraci\u00f3n y Direcci\u00f3n de Empresas. Mantiene una profunda conexi\u00f3n con los derechos y la dignidad de las personas vulnerables.<\/p><p data-start=\"278\" data-end=\"626\">Lina participa activamente en conferencias y foros p\u00fablicos, ofreciendo conferencias para sensibilizar sobre cuestiones humanitarias y el derecho universal a vivir en paz y libertad. Guiada por la convicci\u00f3n de que la realizaci\u00f3n duradera proviene de generar un impacto positivo, trabaja incansablemente para empoderar a individuos y comunidades.<\/p><p data-start=\"628\" data-end=\"823\">A trav\u00e9s de su defensa, Lina busca inspirar la acci\u00f3n colectiva en favor de quienes lo necesitan, esforz\u00e1ndose por un mundo donde la paz, la libertad y la igualdad se hagan realidad para todos.<\/p>\t\t\t\t\t\t\t\t<\/div>\n\t\t\t\t<\/div>\n\t\t\t\t<\/div>\n\t\t\t\t\t<\/div>\n\t\t\t\t<\/div>\n\t\t\t\t<\/div>\n\t\t","protected":false},"excerpt":{"rendered":"<p>Lina Demasi Aldemasi Fundadora Lina Demasi Aldemasi es una [&hellip;]<\/p>\n","protected":false},"author":2,"featured_media":0,"parent":0,"menu_order":0,"comment_status":"closed","ping_status":"closed","template":"elementor_header_footer","meta":{"give_campaign_id":0,"_monsterinsights_skip_tracking":false,"_monsterinsights_sitenote_active":false,"_monsterinsights_sitenote_note":"","_monsterinsights_sitenote_category":0,"footnotes":""},"class_list":["post-16408","page","type-page","status-publish","hentry"],"aioseo_notices":[],"campaignId":"","_links":{"self":[{"href":"https:\/\/spain-icw.org\/es\/wp-json\/wp\/v2\/pages\/16408","targetHints":{"allow":["GET"]}}],"collection":[{"href":"https:\/\/spain-icw.org\/es\/wp-json\/wp\/v2\/pages"}],"about":[{"href":"https:\/\/spain-icw.org\/es\/wp-json\/wp\/v2\/types\/page"}],"author":[{"embeddable":true,"href":"https:\/\/spain-icw.org\/es\/wp-json\/wp\/v2\/users\/2"}],"replies":[{"embeddable":true,"href":"https:\/\/spain-icw.org\/es\/wp-json\/wp\/v2\/comments?post=16408"}],"version-history":[{"count":0,"href":"https:\/\/spain-icw.org\/es\/wp-json\/wp\/v2\/pages\/16408\/revisions"}],"wp:attachment":[{"href":"https:\/\/spain-icw.org\/es\/wp-json\/wp\/v2\/media?parent=16408"}],"curies":[{"name":"wp","href":"https:\/\/api.w.org\/{rel}","templated":true}]}}